{"id":15,"date":"2020-06-11T15:17:03","date_gmt":"2020-06-11T13:17:03","guid":{"rendered":"http:\/\/a2sexpert.com\/?page_id=15"},"modified":"2020-06-22T08:44:29","modified_gmt":"2020-06-22T06:44:29","slug":"nos-services","status":"publish","type":"page","link":"https:\/\/www.a2sexpert.com\/index.php\/nos-services\/","title":{"rendered":"Nos Services"},"content":{"rendered":"\n<h2 class=\"has-text-align-center\"><strong>Nos expertises:<\/strong><\/h2>\n\n\n\n<p style=\"color:#999999\" class=\"has-text-color .hestia-info\"><br>\u00ab\u00a0Nos interventions se d\u00e9roulent dans le cadre de renfort de vos \u00e9quipes internes, de<br>responsable informatique \u00e0 temps partag\u00e9 ou simplement pour des prestations techniques<br>ponctuelles, votre intervenant vous \u00e9coutera avant de vous proposer une solution adapt\u00e9e.\u00a0\u00bb<\/p>\n\n\n\n<div class=\"wp-block-themeisle-blocks-service\">\n<section class=\"hestia-features \" id=\"features\" data-sorder=\"hestia_features\">\n\t\t\t\t\t\t<div class=\"container\">\n\t\t\t\t\t\t\t\t\t<div class=\"row\">\n\t\t\t\t\t\t<div class=\"col-md-8 col-md-offset-2 hestia-features-title-area\">\n\t\t\t\t\t\t\t\t\t\t\t\t\t<\/div>\n\t\t\t\t\t<\/div>\n\t\t\t\t\t\t\t<div class=\"hestia-features-content\">\n\t\t<div class=\"row\">\t\t\t\t<div class=\"col-xs-12 col-md-4 feature-box\">\n\t\t\t\t\t<div class=\"hestia-info\">\n\t\t\t\t\t\t<a href=\"#\">\t\t\t\t\t\t\t\t\t<div class=\"icon\" style=\"color:#e91e63\">\n\t\t\t\t\t\t\t\t\t\t<i class=\"fab fa-weixin\"><\/i>\n\t\t\t\t\t\t\t\t\t<\/div>\n\t\t\t\t\t\t\t\t\t\t\t\t\t\t\t\t\t\t\t\t\t\t\t\t<h4 class=\"info-title\">Infog\u00e9rance<\/h4>\n\t\t\t\t\t\t\t\t\t\t\t\t\t\t\t\t\t\t\t\t<\/a>\n\t\t\t\t\t\t\t\t\t\t\t\t\t\t\t\t<p>A2S Expert vous accompagne dans la mise en \u0153uvre d\u2019une Infog\u00e9rance de votre informatique, afin de faciliter l\u2019\u00e9volution permanente et souple de votre entreprise.<\/p>\n\t\t\t\t\t\t\t\t\t\t\t<\/div>\n\t\t\t\t<\/div>\n\t\t\t\t\t\t\t\t<div class=\"col-xs-12 col-md-4 feature-box\">\n\t\t\t\t\t<div class=\"hestia-info\">\n\t\t\t\t\t\t\t\t\t\t\t\t\t\t\t\t\t\t\t\t\t\t\t\t\t\t\t\t\t<\/div>\n\t\t\t\t<\/div>\n\t\t\t\t\t\t\t\t<div class=\"col-xs-12 col-md-4 feature-box\">\n\t\t\t\t\t<div class=\"hestia-info\">\n\t\t\t\t\t\t<a href=\"#\">\t\t\t\t\t\t\t\t\t<div class=\"icon\" style=\"color:#00bcd4\">\n\t\t\t\t\t\t\t\t\t\t<i class=\"fas fa-gavel\"><\/i>\n\t\t\t\t\t\t\t\t\t<\/div>\n\t\t\t\t\t\t\t\t\t\t\t\t\t\t\t\t\t\t\t\t\t\t\t\t<h4 class=\"info-title\">D\u00e9ploiement &amp; Migration<\/h4>\n\t\t\t\t\t\t\t\t\t\t\t\t\t\t\t\t\t\t\t\t<\/a>\n\t\t\t\t\t\t\t\t\t\t\t\t\t\t\t\t<p>Nos \u00e9quipes de techniciens et ing\u00e9nieurs interviennent au quotidien dans l\u2019impl\u00e9mentation et le d\u00e9ploiement de vos infrastructures mat\u00e9rielles et applicatives.<br><br>De l\u2019installation de parcs bureautiques \u00e0 l\u2019int\u00e9gration compl\u00e8te des Syst\u00e8mes Windows, Unix et Linux.<\/p>\n\t\t\t\t\t\t\t\t\t\t\t<\/div>\n\t\t\t\t<\/div>\n\t\t\t\t\t\t\t\t<div class=\"col-xs-12 col-md-4 feature-box\">\n\t\t\t\t\t<div class=\"hestia-info\">\n\t\t\t\t\t\t<a href=\"#\">\t\t\t\t\t\t\t\t\t<div class=\"icon\" style=\"color:#4caf50\">\n\t\t\t\t\t\t\t\t\t\t<i class=\"fas fa-globe\"><\/i>\n\t\t\t\t\t\t\t\t\t<\/div>\n\t\t\t\t\t\t\t\t\t\t\t\t\t\t\t\t\t\t\t\t\t\t\t\t<h4 class=\"info-title\">Inventaire &amp; Transfert<\/h4>\n\t\t\t\t\t\t\t\t\t\t\t\t\t\t\t\t\t\t\t\t<\/a>\n\t\t\t\t\t\t\t\t\t\t\t\t\t\t\t\t<p>Nos \u00e9quipes vous accompagnent sur l\u2019optimisation de vos espaces de travail o\u00f9 la r\u00e9organisation de vos services. Nous pouvons \u00e9galement vous accompagner pour un transfert sur un nouveau site.<br><br>Pour garantir l\u2019int\u00e9grit\u00e9 de votre parc informatique nous pouvons \u00e9tablir un inventaire complet et pr\u00e9cis de votre parc informatique.<\/p>\n\t\t\t\t\t\t\t\t\t\t\t<\/div>\n\t\t\t\t<\/div>\n\t\t\t\t\t\t\t\t<div class=\"col-xs-12 col-md-4 feature-box\">\n\t\t\t\t\t<div class=\"hestia-info\">\n\t\t\t\t\t\t\t\t\t\t\t\t\t\t\t\t\t\t\t\t\t\t\t\t\t\t\t\t\t<\/div>\n\t\t\t\t<\/div>\n\t\t\t\t\t\t\t\t<div class=\"col-xs-12 col-md-4 feature-box\">\n\t\t\t\t\t<div class=\"hestia-info\">\n\t\t\t\t\t\t<a href=\"#\">\t\t\t\t\t\t\t\t\t<div class=\"icon\" style=\"color:#dd9933\">\n\t\t\t\t\t\t\t\t\t\t<i class=\"fas fa-wrench\"><\/i>\n\t\t\t\t\t\t\t\t\t<\/div>\n\t\t\t\t\t\t\t\t\t\t\t\t\t\t\t\t\t\t\t\t\t\t\t\t<h4 class=\"info-title\">Support utilisateurs \/ Proximit\u00e9<\/h4>\n\t\t\t\t\t\t\t\t\t\t\t\t\t\t\t\t\t\t\t\t<\/a>\n\t\t\t\t\t\t\t\t\t\t\t\t\t\t\t\t<p>Nos \u00e9quipes de techniciens, analystes et responsables d\u2019exploitation assurent la supervision, l\u2019assistance et le support de niveau 1 et 2.<br><br>Leurs comp\u00e9tences permettent de garantir le fonctionnement, dans les meilleures conditions, du parc mat\u00e9riel et logiciels, de mettre en \u0153uvre et d\u2019am\u00e9liorer les proc\u00e9dures de fonctionnement pour une satisfaction utilisateur optimum.<\/p>\n\t\t\t\t\t\t\t\t\t\t\t<\/div>\n\t\t\t\t<\/div>\n\t\t\t\t<\/div>\t\t<\/div>\n\t\t\t\t\t\t\t\t\t<\/div>\n\t\t\t\t\t<\/section>\n<\/div>\n","protected":false},"excerpt":{"rendered":"<p>Nos expertises: \u00ab\u00a0Nos interventions se d\u00e9roulent dans le cadre de renfort de vos \u00e9quipes internes, deresponsable informatique \u00e0 temps partag\u00e9 ou simplement pour des prestations techniquesponctuelles, votre intervenant vous \u00e9coutera avant de vous proposer une solution adapt\u00e9e.\u00a0\u00bb<\/p>\n","protected":false},"author":1,"featured_media":125,"parent":0,"menu_order":0,"comment_status":"closed","ping_status":"closed","template":"","meta":[],"yoast_head":"<!-- This site is optimized with the Yoast SEO plugin v16.0.2 - https:\/\/yoast.com\/wordpress\/plugins\/seo\/ -->\n<title>Nos Services - A2S EXPERT<\/title>\n<link rel=\"canonical\" href=\"https:\/\/www.a2sexpert.com\/index.php\/nos-services\/\" \/>\n<meta property=\"og:locale\" content=\"fr_FR\" \/>\n<meta property=\"og:type\" content=\"article\" \/>\n<meta property=\"og:title\" content=\"Nos Services - A2S EXPERT\" \/>\n<meta property=\"og:description\" content=\"Nos expertises: \u00ab\u00a0Nos interventions se d\u00e9roulent dans le cadre de renfort de vos \u00e9quipes internes, deresponsable informatique \u00e0 temps partag\u00e9 ou simplement pour des prestations techniquesponctuelles, votre intervenant vous \u00e9coutera avant de vous proposer une solution adapt\u00e9e.\u00a0\u00bb\" \/>\n<meta property=\"og:url\" content=\"https:\/\/www.a2sexpert.com\/index.php\/nos-services\/\" \/>\n<meta property=\"og:site_name\" content=\"A2S EXPERT\" \/>\n<meta property=\"article:modified_time\" content=\"2020-06-22T06:44:29+00:00\" \/>\n<meta property=\"og:image\" content=\"https:\/\/www.a2sexpert.com\/wp-content\/uploads\/2020\/06\/a2sservices.jpg\" \/>\n\t<meta property=\"og:image:width\" content=\"1280\" \/>\n\t<meta property=\"og:image:height\" content=\"854\" \/>\n<meta name=\"twitter:card\" content=\"summary_large_image\" \/>\n<meta name=\"twitter:label1\" content=\"Dur\u00e9e de lecture est.\">\n\t<meta name=\"twitter:data1\" content=\"1 minute\">\n<script type=\"application\/ld+json\" class=\"yoast-schema-graph\">{\"@context\":\"https:\/\/schema.org\",\"@graph\":[{\"@type\":\"Organization\",\"@id\":\"https:\/\/www.a2sexpert.com\/#organization\",\"name\":\"a2sexpert\",\"url\":\"https:\/\/www.a2sexpert.com\/\",\"sameAs\":[\"https:\/\/www.linkedin.com\/company\/a2s-informatique\"],\"logo\":{\"@type\":\"ImageObject\",\"@id\":\"https:\/\/www.a2sexpert.com\/#logo\",\"inLanguage\":\"fr-FR\",\"url\":\"https:\/\/www.a2sexpert.com\/wp-content\/uploads\/2020\/06\/A2S-Expert-V1-01-1.png\",\"width\":2084,\"height\":2084,\"caption\":\"a2sexpert\"},\"image\":{\"@id\":\"https:\/\/www.a2sexpert.com\/#logo\"}},{\"@type\":\"WebSite\",\"@id\":\"https:\/\/www.a2sexpert.com\/#website\",\"url\":\"https:\/\/www.a2sexpert.com\/\",\"name\":\"A2SEXPERT\",\"description\":\"A2S EXPERT tout un savoir faire!\",\"publisher\":{\"@id\":\"https:\/\/www.a2sexpert.com\/#organization\"},\"potentialAction\":[{\"@type\":\"SearchAction\",\"target\":\"https:\/\/www.a2sexpert.com\/?s={search_term_string}\",\"query-input\":\"required name=search_term_string\"}],\"inLanguage\":\"fr-FR\"},{\"@type\":\"ImageObject\",\"@id\":\"https:\/\/www.a2sexpert.com\/index.php\/nos-services\/#primaryimage\",\"inLanguage\":\"fr-FR\",\"url\":\"https:\/\/www.a2sexpert.com\/wp-content\/uploads\/2020\/06\/a2sservices.jpg\",\"width\":1280,\"height\":854},{\"@type\":\"WebPage\",\"@id\":\"https:\/\/www.a2sexpert.com\/index.php\/nos-services\/#webpage\",\"url\":\"https:\/\/www.a2sexpert.com\/index.php\/nos-services\/\",\"name\":\"Nos Services - A2S EXPERT\",\"isPartOf\":{\"@id\":\"https:\/\/www.a2sexpert.com\/#website\"},\"primaryImageOfPage\":{\"@id\":\"https:\/\/www.a2sexpert.com\/index.php\/nos-services\/#primaryimage\"},\"datePublished\":\"2020-06-11T13:17:03+00:00\",\"dateModified\":\"2020-06-22T06:44:29+00:00\",\"breadcrumb\":{\"@id\":\"https:\/\/www.a2sexpert.com\/index.php\/nos-services\/#breadcrumb\"},\"inLanguage\":\"fr-FR\",\"potentialAction\":[{\"@type\":\"ReadAction\",\"target\":[\"https:\/\/www.a2sexpert.com\/index.php\/nos-services\/\"]}]},{\"@type\":\"BreadcrumbList\",\"@id\":\"https:\/\/www.a2sexpert.com\/index.php\/nos-services\/#breadcrumb\",\"itemListElement\":[{\"@type\":\"ListItem\",\"position\":1,\"item\":{\"@type\":\"WebPage\",\"@id\":\"https:\/\/www.a2sexpert.com\/\",\"url\":\"https:\/\/www.a2sexpert.com\/\",\"name\":\"Accueil\"}},{\"@type\":\"ListItem\",\"position\":2,\"item\":{\"@type\":\"WebPage\",\"@id\":\"https:\/\/www.a2sexpert.com\/index.php\/nos-services\/\",\"url\":\"https:\/\/www.a2sexpert.com\/index.php\/nos-services\/\",\"name\":\"Nos Services\"}}]}]}<\/script>\n<!-- \/ Yoast SEO plugin. -->","_links":{"self":[{"href":"https:\/\/www.a2sexpert.com\/index.php\/wp-json\/wp\/v2\/pages\/15"}],"collection":[{"href":"https:\/\/www.a2sexpert.com\/index.php\/wp-json\/wp\/v2\/pages"}],"about":[{"href":"https:\/\/www.a2sexpert.com\/index.php\/wp-json\/wp\/v2\/types\/page"}],"author":[{"embeddable":true,"href":"https:\/\/www.a2sexpert.com\/index.php\/wp-json\/wp\/v2\/users\/1"}],"replies":[{"embeddable":true,"href":"https:\/\/www.a2sexpert.com\/index.php\/wp-json\/wp\/v2\/comments?post=15"}],"version-history":[{"count":28,"href":"https:\/\/www.a2sexpert.com\/index.php\/wp-json\/wp\/v2\/pages\/15\/revisions"}],"predecessor-version":[{"id":326,"href":"https:\/\/www.a2sexpert.com\/index.php\/wp-json\/wp\/v2\/pages\/15\/revisions\/326"}],"wp:featuredmedia":[{"embeddable":true,"href":"https:\/\/www.a2sexpert.com\/index.php\/wp-json\/wp\/v2\/media\/125"}],"wp:attachment":[{"href":"https:\/\/www.a2sexpert.com\/index.php\/wp-json\/wp\/v2\/media?parent=15"}],"curies":[{"name":"wp","href":"https:\/\/api.w.org\/{rel}","templated":true}]}}