{"id":45,"date":"2020-06-11T23:42:14","date_gmt":"2020-06-11T21:42:14","guid":{"rendered":"http:\/\/a2sexpert.com\/?page_id=45"},"modified":"2020-06-22T08:50:38","modified_gmt":"2020-06-22T06:50:38","slug":"contact","status":"publish","type":"page","link":"https:\/\/www.a2sexpert.com\/index.php\/contact\/","title":{"rendered":"Contact"},"content":{"rendered":"\n<p>Vous avez des questions ? Vous souhaitez en savoir plus sur les services que propose notre entreprise informatique ? Contactez-nous d\u00e8s \u00e0 pr\u00e9sent gr\u00e2ce \u00e0 ce formulaire!<\/p>\n\n\n\n<div class=\"wp-block-themeisle-blocks-advanced-columns has-2-columns has-desktop-equal-layout has-tablet-equal-layout has-mobile-collapsedRows-layout has-default-gap has-vertical-unset\" id=\"wp-block-themeisle-blocks-advanced-columns-1723d6cd\"><div class=\"wp-block-themeisle-blocks-advanced-columns-overlay\"><\/div><div class=\"innerblocks-wrap\">\n<div class=\"wp-block-themeisle-blocks-advanced-column\" id=\"wp-block-themeisle-blocks-advanced-column-5bce65e1\">\n<h3><strong>Contactez-nous<\/strong><\/h3>\n\n\n\n<p>El Houbba Mounim +33 6 15 69 21 02<\/p>\n\n\n\n<p>Lun &#8211; Ven, 8:00-20:00<\/p>\n\n\n\n<p class=\"wp-block-themeisle-blocks-font-awesome-icons\" id=\"wp-block-themeisle-blocks-font-awesome-icons-9b9d82f9\"><span class=\"wp-block-themeisle-blocks-font-awesome-icons-container\"><a href=\"https:\/\/www.linkedin.com\/company\/a2s-informatique\" target=\"blank\" rel=\"noopener noreferrer\"><i class=\"fab fa-linkedin\"><\/i><\/a><\/span><\/p>\n<\/div>\n\n\n\n<div class=\"wp-block-themeisle-blocks-advanced-column\" id=\"wp-block-themeisle-blocks-advanced-column-0b7ac6d5\">\n<h3 class=\"has-text-align-left\"><strong>Retrouvez-nous<\/strong><\/h3>\n\n\n\n<p class=\"has-text-align-left\">40 Rue Grand Vaux&nbsp;91360 Epinay sur Orge<\/p>\n\n\n\n<p><\/p>\n<\/div>\n<\/div><\/div>\n\n\n\n<div class=\"wp-block-themeisle-blocks-testimonials\">\n<p><\/p>\n<\/div>\n\n\n\n<div class=\"wp-block-columns\">\n<div class=\"wp-block-column\" style=\"flex-basis:33.33%\"><div role=\"form\" class=\"wpcf7\" id=\"wpcf7-f64-o1\" lang=\"fr-FR\" dir=\"ltr\">\n<div class=\"screen-reader-response\"><p role=\"status\" aria-live=\"polite\" aria-atomic=\"true\"><\/p> <ul><\/ul><\/div>\n<form action=\"\/index.php\/wp-json\/wp\/v2\/pages\/45#wpcf7-f64-o1\" method=\"post\" class=\"wpcf7-form init\" novalidate=\"novalidate\" data-status=\"init\">\n<div style=\"display: none;\">\n<input type=\"hidden\" name=\"_wpcf7\" value=\"64\" \/>\n<input type=\"hidden\" name=\"_wpcf7_version\" value=\"5.4\" \/>\n<input type=\"hidden\" name=\"_wpcf7_locale\" value=\"fr_FR\" \/>\n<input type=\"hidden\" name=\"_wpcf7_unit_tag\" value=\"wpcf7-f64-o1\" \/>\n<input type=\"hidden\" name=\"_wpcf7_container_post\" value=\"0\" \/>\n<input type=\"hidden\" name=\"_wpcf7_posted_data_hash\" value=\"\" \/>\n<\/div>\n<p><label><br \/>\n    <span class=\"wpcf7-form-control-wrap your-name\"><input type=\"text\" name=\"your-name\" value=\"\" size=\"40\" class=\"wpcf7-form-control wpcf7-text wpcf7-validates-as-required\" aria-required=\"true\" aria-invalid=\"false\" placeholder=\"Pr\u00e9nom\" \/><\/span> <\/label><br \/>\n<label><br \/>\n    <span class=\"wpcf7-form-control-wrap your-name\"><input type=\"text\" name=\"your-name\" value=\"\" size=\"40\" class=\"wpcf7-form-control wpcf7-text wpcf7-validates-as-required\" aria-required=\"true\" aria-invalid=\"false\" placeholder=\"Nom\" \/><\/span> <\/label><br \/>\n<label><br \/>\n    <span class=\"wpcf7-form-control-wrap your-email\"><input type=\"email\" name=\"your-email\" value=\"\" size=\"40\" class=\"wpcf7-form-control wpcf7-text wpcf7-email wpcf7-validates-as-required wpcf7-validates-as-email\" aria-required=\"true\" aria-invalid=\"false\" placeholder=\"Adresse mail\" \/><\/span> <\/label><br \/>\n<label><br \/>\n    <span class=\"wpcf7-form-control-wrap tel-102\"><input type=\"tel\" name=\"tel-102\" value=\"\" size=\"40\" class=\"wpcf7-form-control wpcf7-text wpcf7-tel wpcf7-validates-as-tel\" aria-invalid=\"false\" placeholder=\"T\u00e9l\u00e9phone\" \/><\/span> <\/label><br \/>\n<label><br \/>\n    <span class=\"wpcf7-form-control-wrap your-subject\"><input type=\"text\" name=\"your-subject\" value=\"\" size=\"40\" class=\"wpcf7-form-control wpcf7-text\" aria-invalid=\"false\" placeholder=\"Objet\" \/><\/span> <\/label><br \/>\n<label><br \/>\n    <span class=\"wpcf7-form-control-wrap your-message\"><textarea name=\"your-message\" cols=\"40\" rows=\"10\" class=\"wpcf7-form-control wpcf7-textarea\" aria-invalid=\"false\" placeholder=\"Votre message\"><\/textarea><\/span> <\/label><\/p>\n<p><input type=\"submit\" value=\"Envoyer\" class=\"wpcf7-form-control wpcf7-submit\" \/><\/p>\n<div class=\"wpcf7-response-output\" aria-hidden=\"true\"><\/div><\/form><\/div>\n<\/div>\n\n\n\n<div class=\"wp-block-column\" style=\"flex-basis:66.66%\">\n<figure><iframe loading=\"lazy\" src=\"https:\/\/www.google.com\/maps\/embed?pb=!1m18!1m12!1m3!1d2634.7166854066886!2d2.331332615227766!3d48.67266082172072!2m3!1f0!2f0!3f0!3m2!1i1024!2i768!4f13.1!3m3!1m2!1s0x47e5d8c118abd147%3A0x3f7cbccd6c92b1b7!2s40%20Rue%20de%20Grand%20Vaux%2C%2091360%20%C3%89pinay-sur-Orge!5e0!3m2!1sfr!2sfr!4v1592494158941!5m2!1sfr!2sfr\" width=\"600\" height=\"450\" allowfullscreen=\"\"><\/iframe><\/figure>\n\n\n\n<p><\/p>\n<\/div>\n<\/div>\n\n\n\n<div class=\"wp-block-group\"><div class=\"wp-block-group__inner-container\"><\/div><\/div>\n","protected":false},"excerpt":{"rendered":"<p>Vous avez des questions ? Vous souhaitez en savoir plus sur les services que propose notre entreprise informatique ? Contactez-nous d\u00e8s \u00e0 pr\u00e9sent gr\u00e2ce \u00e0 ce formulaire!<\/p>\n","protected":false},"author":1,"featured_media":111,"parent":0,"menu_order":0,"comment_status":"closed","ping_status":"closed","template":"","meta":[],"yoast_head":"<!-- This site is optimized with the Yoast SEO plugin v16.0.2 - https:\/\/yoast.com\/wordpress\/plugins\/seo\/ -->\n<title>Contact - A2S EXPERT<\/title>\n<link rel=\"canonical\" href=\"https:\/\/www.a2sexpert.com\/index.php\/contact\/\" \/>\n<meta property=\"og:locale\" content=\"fr_FR\" \/>\n<meta property=\"og:type\" content=\"article\" \/>\n<meta property=\"og:title\" content=\"Contact - A2S EXPERT\" \/>\n<meta property=\"og:description\" content=\"Vous avez des questions ? Vous souhaitez en savoir plus sur les services que propose notre entreprise informatique ? Contactez-nous d\u00e8s \u00e0 pr\u00e9sent gr\u00e2ce \u00e0 ce formulaire!\" \/>\n<meta property=\"og:url\" content=\"https:\/\/www.a2sexpert.com\/index.php\/contact\/\" \/>\n<meta property=\"og:site_name\" content=\"A2S EXPERT\" \/>\n<meta property=\"article:modified_time\" content=\"2020-06-22T06:50:38+00:00\" \/>\n<meta property=\"og:image\" content=\"https:\/\/www.a2sexpert.com\/wp-content\/uploads\/2020\/06\/digitization-4809637_1920.jpg\" \/>\n\t<meta property=\"og:image:width\" content=\"1920\" \/>\n\t<meta property=\"og:image:height\" content=\"768\" \/>\n<meta name=\"twitter:card\" content=\"summary_large_image\" \/>\n<script type=\"application\/ld+json\" class=\"yoast-schema-graph\">{\"@context\":\"https:\/\/schema.org\",\"@graph\":[{\"@type\":\"Organization\",\"@id\":\"https:\/\/www.a2sexpert.com\/#organization\",\"name\":\"a2sexpert\",\"url\":\"https:\/\/www.a2sexpert.com\/\",\"sameAs\":[\"https:\/\/www.linkedin.com\/company\/a2s-informatique\"],\"logo\":{\"@type\":\"ImageObject\",\"@id\":\"https:\/\/www.a2sexpert.com\/#logo\",\"inLanguage\":\"fr-FR\",\"url\":\"https:\/\/www.a2sexpert.com\/wp-content\/uploads\/2020\/06\/A2S-Expert-V1-01-1.png\",\"width\":2084,\"height\":2084,\"caption\":\"a2sexpert\"},\"image\":{\"@id\":\"https:\/\/www.a2sexpert.com\/#logo\"}},{\"@type\":\"WebSite\",\"@id\":\"https:\/\/www.a2sexpert.com\/#website\",\"url\":\"https:\/\/www.a2sexpert.com\/\",\"name\":\"A2SEXPERT\",\"description\":\"A2S EXPERT tout un savoir faire!\",\"publisher\":{\"@id\":\"https:\/\/www.a2sexpert.com\/#organization\"},\"potentialAction\":[{\"@type\":\"SearchAction\",\"target\":\"https:\/\/www.a2sexpert.com\/?s={search_term_string}\",\"query-input\":\"required name=search_term_string\"}],\"inLanguage\":\"fr-FR\"},{\"@type\":\"ImageObject\",\"@id\":\"https:\/\/www.a2sexpert.com\/index.php\/contact\/#primaryimage\",\"inLanguage\":\"fr-FR\",\"url\":\"https:\/\/www.a2sexpert.com\/wp-content\/uploads\/2020\/06\/digitization-4809637_1920.jpg\",\"width\":1920,\"height\":768},{\"@type\":\"WebPage\",\"@id\":\"https:\/\/www.a2sexpert.com\/index.php\/contact\/#webpage\",\"url\":\"https:\/\/www.a2sexpert.com\/index.php\/contact\/\",\"name\":\"Contact - A2S EXPERT\",\"isPartOf\":{\"@id\":\"https:\/\/www.a2sexpert.com\/#website\"},\"primaryImageOfPage\":{\"@id\":\"https:\/\/www.a2sexpert.com\/index.php\/contact\/#primaryimage\"},\"datePublished\":\"2020-06-11T21:42:14+00:00\",\"dateModified\":\"2020-06-22T06:50:38+00:00\",\"breadcrumb\":{\"@id\":\"https:\/\/www.a2sexpert.com\/index.php\/contact\/#breadcrumb\"},\"inLanguage\":\"fr-FR\",\"potentialAction\":[{\"@type\":\"ReadAction\",\"target\":[\"https:\/\/www.a2sexpert.com\/index.php\/contact\/\"]}]},{\"@type\":\"BreadcrumbList\",\"@id\":\"https:\/\/www.a2sexpert.com\/index.php\/contact\/#breadcrumb\",\"itemListElement\":[{\"@type\":\"ListItem\",\"position\":1,\"item\":{\"@type\":\"WebPage\",\"@id\":\"https:\/\/www.a2sexpert.com\/\",\"url\":\"https:\/\/www.a2sexpert.com\/\",\"name\":\"Accueil\"}},{\"@type\":\"ListItem\",\"position\":2,\"item\":{\"@type\":\"WebPage\",\"@id\":\"https:\/\/www.a2sexpert.com\/index.php\/contact\/\",\"url\":\"https:\/\/www.a2sexpert.com\/index.php\/contact\/\",\"name\":\"Contact\"}}]}]}<\/script>\n<!-- \/ Yoast SEO plugin. -->","_links":{"self":[{"href":"https:\/\/www.a2sexpert.com\/index.php\/wp-json\/wp\/v2\/pages\/45"}],"collection":[{"href":"https:\/\/www.a2sexpert.com\/index.php\/wp-json\/wp\/v2\/pages"}],"about":[{"href":"https:\/\/www.a2sexpert.com\/index.php\/wp-json\/wp\/v2\/types\/page"}],"author":[{"embeddable":true,"href":"https:\/\/www.a2sexpert.com\/index.php\/wp-json\/wp\/v2\/users\/1"}],"replies":[{"embeddable":true,"href":"https:\/\/www.a2sexpert.com\/index.php\/wp-json\/wp\/v2\/comments?post=45"}],"version-history":[{"count":20,"href":"https:\/\/www.a2sexpert.com\/index.php\/wp-json\/wp\/v2\/pages\/45\/revisions"}],"predecessor-version":[{"id":332,"href":"https:\/\/www.a2sexpert.com\/index.php\/wp-json\/wp\/v2\/pages\/45\/revisions\/332"}],"wp:featuredmedia":[{"embeddable":true,"href":"https:\/\/www.a2sexpert.com\/index.php\/wp-json\/wp\/v2\/media\/111"}],"wp:attachment":[{"href":"https:\/\/www.a2sexpert.com\/index.php\/wp-json\/wp\/v2\/media?parent=45"}],"curies":[{"name":"wp","href":"https:\/\/api.w.org\/{rel}","templated":true}]}}